{"id":865,"date":"2020-02-17T12:34:30","date_gmt":"2020-02-17T12:34:30","guid":{"rendered":"http:\/\/www.hetpannekoekenhuisje.nl\/noordwijk\/?page_id=865"},"modified":"2020-02-17T13:33:58","modified_gmt":"2020-02-17T13:33:58","slug":"anlasse","status":"publish","type":"page","link":"https:\/\/www.hetpannekoekenhuisje.nl\/noordwijk\/de\/anlasse\/","title":{"rendered":"Anl\u04d3sse"},"content":{"rendered":"<p>[vc_row css_animation=&#8221;&#8221; row_type=&#8221;row&#8221; use_row_as_full_screen_section=&#8221;no&#8221; type=&#8221;full_width&#8221; angled_section=&#8221;no&#8221; text_align=&#8221;left&#8221; background_image_as_pattern=&#8221;without_pattern&#8221; z_index=&#8221;&#8221; css=&#8221;.vc_custom_1581348912089{margin-right: 20px !important;margin-left: 20px !important;}&#8221;][vc_column width=&#8221;1\/4&#8243;][\/vc_column][vc_column width=&#8221;1\/2&#8243;][vc_empty_space height=&#8221;100px&#8221;][vc_column_text]<\/p>\n<h6 style=\"text-align: center;\">Anlasse<\/h6>\n<p>[\/vc_column_text][vc_empty_space height=&#8221;25px&#8221;][vc_column_text]<\/p>\n<p style=\"text-align: left;\">Bald etwas zu feiern? Unsere abgeschirmten R\u00e4ume eignen sich zum Beispiel sehr f\u00fcr Familienessen, Junggesellenabschiede und Kinderfeste. Wir haben spezielle Pakete f\u00fcr gr\u00f6\u00dfere Gruppen zusammengestellt, aber Sie sind auch an der richtigen Adresse f\u00fcr ein personalisiertes Paket. Wir denken gerne mit. Kontaktieren Sie uns f\u00fcr weitere Informationen!<\/p>\n<p>[\/vc_column_text][vc_empty_space height=&#8221;50px&#8221;][vc_row_inner row_type=&#8221;row&#8221; type=&#8221;full_width&#8221; text_align=&#8221;left&#8221; css_animation=&#8221;&#8221;][vc_column_inner css=&#8221;.vc_custom_1581348620176{border-top-width: 5px !important;border-right-width: 5px !important;border-bottom-width: 5px !important;border-left-width: 5px !important;padding-top: 50px !important;padding-right: 50px !important;padding-bottom: 50px !important;padding-left: 50px !important;background-color: #fff6f0 !important;border-left-color: #161616 !important;border-left-style: solid !important;border-right-color: #161616 !important;border-right-style: solid !important;border-top-color: #161616 !important;border-top-style: solid !important;border-bottom-color: #161616 !important;border-bottom-style: solid !important;}&#8221;]<div class=\"wpforms-container wpforms-container-full\" id=\"wpforms-870\"><form id=\"wpforms-form-870\" class=\"wpforms-validate wpforms-form\" data-formid=\"870\" method=\"post\" enctype=\"multipart\/form-data\" action=\"\/noordwijk\/wp-json\/wp\/v2\/pages\/865\"><div class=\"wpforms-field-container\"><div id=\"wpforms-870-field_0-container\" class=\"wpforms-field wpforms-field-name\" data-field-id=\"0\"><label class=\"wpforms-field-label wpforms-label-hide\" for=\"wpforms-870-field_0\">Name <span class=\"wpforms-required-label\">*<\/span><\/label><input type=\"text\" id=\"wpforms-870-field_0\" class=\"wpforms-field-large wpforms-field-required\" name=\"wpforms[fields][0]\" placeholder=\"Name\" required><\/div><div id=\"wpforms-870-field_3-container\" class=\"wpforms-field wpforms-field-text\" data-field-id=\"3\"><label class=\"wpforms-field-label wpforms-label-hide\" for=\"wpforms-870-field_3\">Telefon<\/label><input type=\"text\" id=\"wpforms-870-field_3\" class=\"wpforms-field-large\" name=\"wpforms[fields][3]\" placeholder=\"Telefon\" ><\/div><div id=\"wpforms-870-field_1-container\" class=\"wpforms-field wpforms-field-email\" data-field-id=\"1\"><label class=\"wpforms-field-label wpforms-label-hide\" for=\"wpforms-870-field_1\">Email <span class=\"wpforms-required-label\">*<\/span><\/label><input type=\"email\" id=\"wpforms-870-field_1\" class=\"wpforms-field-large wpforms-field-required\" name=\"wpforms[fields][1]\" placeholder=\"Email\" required><\/div><div id=\"wpforms-870-field_5-container\" class=\"wpforms-field wpforms-field-text\" data-field-id=\"5\"><label class=\"wpforms-field-label wpforms-label-hide\" for=\"wpforms-870-field_5\">Gew\u00fcnschtes Datum \/ Uhrzeit<\/label><input type=\"text\" id=\"wpforms-870-field_5\" class=\"wpforms-field-large\" name=\"wpforms[fields][5]\" placeholder=\"Gew\u00fcnschtes Datum \/ Uhrzeit\" ><\/div><div id=\"wpforms-870-field_2-container\" class=\"wpforms-field wpforms-field-textarea\" data-field-id=\"2\"><label class=\"wpforms-field-label wpforms-label-hide\" for=\"wpforms-870-field_2\">Ihre Nachricht <span class=\"wpforms-required-label\">*<\/span><\/label><textarea id=\"wpforms-870-field_2\" class=\"wpforms-field-medium wpforms-field-required\" name=\"wpforms[fields][2]\" placeholder=\"Ihre Nachricht\" required><\/textarea><\/div><div id=\"wpforms-870-field_4-container\" class=\"wpforms-field wpforms-field-checkbox\" data-field-id=\"4\"><label class=\"wpforms-field-label wpforms-label-hide\" for=\"wpforms-870-field_4\">Vereinbarung Datenschutzerkl\u00e4rung <span class=\"wpforms-required-label\">*<\/span><\/label><ul id=\"wpforms-870-field_4\" class=\"wpforms-field-required\"><li class=\"choice-1 depth-1\"><input type=\"checkbox\" id=\"wpforms-870-field_4_1\" name=\"wpforms[fields][4][]\" value=\"Ja, ich stimme den &lt;a href=&quot;http:\/\/www.hetpannekoekenhuisje.nl\/noordwijk\/de\/datenschutzerklaerung\/&quot; target=&quot;_blank&quot;&gt;Datenschutzbestimmungen&lt;\/a&gt; zu\" required ><label class=\"wpforms-field-label-inline\" for=\"wpforms-870-field_4_1\">Ja, ich stimme den <a href=\"http:\/\/www.hetpannekoekenhuisje.nl\/noordwijk\/de\/datenschutzerklaerung\/\" target=\"_blank\">Datenschutzbestimmungen<\/a> zu<\/label><\/li><\/ul><\/div><\/div><div class=\"wpforms-field wpforms-field-hp\"><label for=\"wpforms-field_hp\" class=\"wpforms-field-label\">Comment<\/label><input type=\"text\" name=\"wpforms[hp]\" id=\"wpforms-field_hp\" class=\"wpforms-field-medium\"><\/div><div class=\"wpforms-submit-container\" ><input type=\"hidden\" name=\"wpforms[id]\" value=\"870\"><input type=\"hidden\" name=\"wpforms[author]\" value=\"3\"><button type=\"submit\" name=\"wpforms[submit]\" class=\"wpforms-submit \" id=\"wpforms-submit-870\" value=\"wpforms-submit\" data-alt-text=\"Versenden..\">Versenden<\/button><\/div><\/form><\/div>[\/vc_column_inner][\/vc_row_inner][\/vc_column][vc_column width=&#8221;1\/4&#8243;][vc_single_image image=&#8221;506&#8243; img_size=&#8221;medium&#8221; alignment=&#8221;center&#8221; qode_css_animation=&#8221;&#8221; css=&#8221;.vc_custom_1581349049198{margin-top: 750px !important;}&#8221; el_class=&#8221;vc_hidden-sm vc_hidden-xs&#8221;][\/vc_column][\/vc_row][vc_row css_animation=&#8221;&#8221; row_type=&#8221;row&#8221; use_row_as_full_screen_section=&#8221;no&#8221; type=&#8221;full_width&#8221; angled_section=&#8221;no&#8221; text_align=&#8221;left&#8221; background_image_as_pattern=&#8221;without_pattern&#8221; el_class=&#8221;vc_hidden-lg vc_hidden-md&#8221; z_index=&#8221;&#8221;][vc_column][vc_empty_space height=&#8221;75px&#8221;][\/vc_column][\/vc_row][vc_row css_animation=&#8221;&#8221; row_type=&#8221;row&#8221; use_row_as_full_screen_section=&#8221;no&#8221; type=&#8221;full_width&#8221; angled_section=&#8221;no&#8221; text_align=&#8221;left&#8221; background_image=&#8221;469&#8243; background_image_as_pattern=&#8221;with_pattern&#8221; background_color=&#8221;#ce2130&#8243; z_index=&#8221;&#8221; css=&#8221;.vc_custom_1580901212126{background-position: 0 0 !important;background-repeat: repeat !important;}&#8221;][vc_column][vc_empty_space height=&#8221;115px&#8221;][\/vc_column][\/vc_row][vc_row css_animation=&#8221;&#8221; row_type=&#8221;row&#8221; use_row_as_full_screen_section=&#8221;no&#8221; type=&#8221;full_width&#8221; angled_section=&#8221;no&#8221; text_align=&#8221;left&#8221; background_image_as_pattern=&#8221;without_pattern&#8221; background_color=&#8221;#ce2130&#8243; z_index=&#8221;&#8221;][vc_column]<div class=\"call_to_action normal\" style=\"background-color: ce2130;\"><div class=\"container_inner\"><div class=\"two_columns_75_25 clearfix\"><div class=\"text_wrapper column1\"><div class=\"call_to_action_text \" style=\"\">\n<h2><span style=\"color: #ffffff;\">Nieuwsgierig naar het vernieuwde Pannekoekenhuisje?<\/span><\/h2>\n<\/div><\/div><div class=\"button_wrapper column2\"><a itemprop=\"url\" href=\"http:\/\/www.hetpannekoekenhuisje.nl\/noordwijk\/reserveren\/\" class=\"qbutton white \" target=\"\" style=\"color: #ce2130;border-color: #ffffff;background-color: #ffffff;\"data-hover-background-color=#f9f9f9 data-hover-border-color=#ffffff data-hover-color=#ce0011>Tafel reserveren<\/a><\/div><\/div><\/div><\/div>[\/vc_column][\/vc_row][vc_row css_animation=&#8221;&#8221; row_type=&#8221;row&#8221; use_row_as_full_screen_section=&#8221;no&#8221; type=&#8221;full_width&#8221; angled_section=&#8221;no&#8221; text_align=&#8221;left&#8221; background_image_as_pattern=&#8221;without_pattern&#8221;][vc_column width=&#8221;1\/5&#8243;][\/vc_column][vc_column width=&#8221;1\/5&#8243;][\/vc_column][vc_column width=&#8221;1\/5&#8243;][\/vc_column][vc_column width=&#8221;1\/5&#8243;][\/vc_column][vc_column width=&#8221;1\/5&#8243;][\/vc_column][\/vc_row]<\/p>\n","protected":false},"excerpt":{"rendered":"<p>[vc_row css_animation=&#8221;&#8221; row_type=&#8221;row&#8221; use_row_as_full_screen_section=&#8221;no&#8221; type=&#8221;full_width&#8221; angled_section=&#8221;no&#8221; text_align=&#8221;left&#8221; background_image_as_pattern=&#8221;without_pattern&#8221; z_index=&#8221;&#8221; css=&#8221;.vc_custom_1581348912089{margin-right: 20px !important;margin-left: 20px !important;}&#8221;][vc_column width=&#8221;1\/4&#8243;][\/vc_column][vc_column width=&#8221;1\/2&#8243;][vc_empty_space height=&#8221;100px&#8221;][vc_column_text] Anlasse [\/vc_column_text][vc_empty_space height=&#8221;25px&#8221;][vc_column_text] Bald etwas zu feiern? Unsere abgeschirmten R\u00e4ume eignen sich zum Beispiel sehr f\u00fcr Familienessen, Junggesellenabschiede und Kinderfeste. Wir haben spezielle Pakete f\u00fcr gr\u00f6\u00dfere Gruppen zusammengestellt,&#8230;<\/p>\n","protected":false},"author":3,"featured_media":0,"parent":0,"menu_order":0,"comment_status":"closed","ping_status":"closed","template":"full_width.php","meta":{"inline_featured_image":false,"footnotes":""},"yoast_head":"<!-- This site is optimized with the Yoast SEO plugin v23.3 - https:\/\/yoast.com\/wordpress\/plugins\/seo\/ -->\n<title>Anl\u04d3sse - Het Pannekoekenhuisje Noordwijk<\/title>\n<meta name=\"robots\" content=\"index, follow, max-snippet:-1, max-image-preview:large, max-video-preview:-1\" \/>\n<link rel=\"canonical\" href=\"https:\/\/www.hetpannekoekenhuisje.nl\/noordwijk\/de\/anlasse\/\" \/>\n<meta property=\"og:locale\" content=\"nl_NL\" \/>\n<meta property=\"og:type\" content=\"article\" \/>\n<meta property=\"og:title\" content=\"Anl\u04d3sse - Het Pannekoekenhuisje Noordwijk\" \/>\n<meta property=\"og:description\" content=\"[vc_row css_animation=&#8221;&#8221; row_type=&#8221;row&#8221; use_row_as_full_screen_section=&#8221;no&#8221; type=&#8221;full_width&#8221; angled_section=&#8221;no&#8221; text_align=&#8221;left&#8221; background_image_as_pattern=&#8221;without_pattern&#8221; z_index=&#8221;&#8221; css=&#8221;.vc_custom_1581348912089{margin-right: 20px !important;margin-left: 20px !important;}&#8221;][vc_column width=&#8221;1\/4&#8243;][\/vc_column][vc_column width=&#8221;1\/2&#8243;][vc_empty_space height=&#8221;100px&#8221;][vc_column_text] Anlasse [\/vc_column_text][vc_empty_space height=&#8221;25px&#8221;][vc_column_text] Bald etwas zu feiern? Unsere abgeschirmten R\u00e4ume eignen sich zum Beispiel sehr f\u00fcr Familienessen, Junggesellenabschiede und Kinderfeste. Wir haben spezielle Pakete f\u00fcr gr\u00f6\u00dfere Gruppen zusammengestellt,...\" \/>\n<meta property=\"og:url\" content=\"https:\/\/www.hetpannekoekenhuisje.nl\/noordwijk\/de\/anlasse\/\" \/>\n<meta property=\"og:site_name\" content=\"Het Pannekoekenhuisje Noordwijk\" \/>\n<meta property=\"article:modified_time\" content=\"2020-02-17T13:33:58+00:00\" \/>\n<meta name=\"twitter:card\" content=\"summary_large_image\" \/>\n<meta name=\"twitter:label1\" content=\"Geschatte leestijd\" \/>\n\t<meta name=\"twitter:data1\" content=\"3 minuten\" \/>\n<script type=\"application\/ld+json\" class=\"yoast-schema-graph\">{\"@context\":\"https:\/\/schema.org\",\"@graph\":[{\"@type\":\"WebPage\",\"@id\":\"https:\/\/www.hetpannekoekenhuisje.nl\/noordwijk\/de\/anlasse\/\",\"url\":\"https:\/\/www.hetpannekoekenhuisje.nl\/noordwijk\/de\/anlasse\/\",\"name\":\"Anl\u04d3sse - Het Pannekoekenhuisje Noordwijk\",\"isPartOf\":{\"@id\":\"https:\/\/www.hetpannekoekenhuisje.nl\/noordwijk\/#website\"},\"datePublished\":\"2020-02-17T12:34:30+00:00\",\"dateModified\":\"2020-02-17T13:33:58+00:00\",\"breadcrumb\":{\"@id\":\"https:\/\/www.hetpannekoekenhuisje.nl\/noordwijk\/de\/anlasse\/#breadcrumb\"},\"inLanguage\":\"nl-NL\",\"potentialAction\":[{\"@type\":\"ReadAction\",\"target\":[\"https:\/\/www.hetpannekoekenhuisje.nl\/noordwijk\/de\/anlasse\/\"]}]},{\"@type\":\"BreadcrumbList\",\"@id\":\"https:\/\/www.hetpannekoekenhuisje.nl\/noordwijk\/de\/anlasse\/#breadcrumb\",\"itemListElement\":[{\"@type\":\"ListItem\",\"position\":1,\"name\":\"Home\",\"item\":\"https:\/\/www.hetpannekoekenhuisje.nl\/noordwijk\/\"},{\"@type\":\"ListItem\",\"position\":2,\"name\":\"Anl\u04d3sse\"}]},{\"@type\":\"WebSite\",\"@id\":\"https:\/\/www.hetpannekoekenhuisje.nl\/noordwijk\/#website\",\"url\":\"https:\/\/www.hetpannekoekenhuisje.nl\/noordwijk\/\",\"name\":\"Het Pannekoekenhuisje Noordwijk\",\"description\":\"Noordwijk\",\"potentialAction\":[{\"@type\":\"SearchAction\",\"target\":{\"@type\":\"EntryPoint\",\"urlTemplate\":\"https:\/\/www.hetpannekoekenhuisje.nl\/noordwijk\/?s={search_term_string}\"},\"query-input\":\"required name=search_term_string\"}],\"inLanguage\":\"nl-NL\"}]}<\/script>\n<!-- \/ Yoast SEO plugin. -->","yoast_head_json":{"title":"Anl\u04d3sse - Het Pannekoekenhuisje Noordwijk","robots":{"index":"index","follow":"follow","max-snippet":"max-snippet:-1","max-image-preview":"max-image-preview:large","max-video-preview":"max-video-preview:-1"},"canonical":"https:\/\/www.hetpannekoekenhuisje.nl\/noordwijk\/de\/anlasse\/","og_locale":"nl_NL","og_type":"article","og_title":"Anl\u04d3sse - Het Pannekoekenhuisje Noordwijk","og_description":"[vc_row css_animation=&#8221;&#8221; row_type=&#8221;row&#8221; use_row_as_full_screen_section=&#8221;no&#8221; type=&#8221;full_width&#8221; angled_section=&#8221;no&#8221; text_align=&#8221;left&#8221; background_image_as_pattern=&#8221;without_pattern&#8221; z_index=&#8221;&#8221; css=&#8221;.vc_custom_1581348912089{margin-right: 20px !important;margin-left: 20px !important;}&#8221;][vc_column width=&#8221;1\/4&#8243;][\/vc_column][vc_column width=&#8221;1\/2&#8243;][vc_empty_space height=&#8221;100px&#8221;][vc_column_text] Anlasse [\/vc_column_text][vc_empty_space height=&#8221;25px&#8221;][vc_column_text] Bald etwas zu feiern? Unsere abgeschirmten R\u00e4ume eignen sich zum Beispiel sehr f\u00fcr Familienessen, Junggesellenabschiede und Kinderfeste. Wir haben spezielle Pakete f\u00fcr gr\u00f6\u00dfere Gruppen zusammengestellt,...","og_url":"https:\/\/www.hetpannekoekenhuisje.nl\/noordwijk\/de\/anlasse\/","og_site_name":"Het Pannekoekenhuisje Noordwijk","article_modified_time":"2020-02-17T13:33:58+00:00","twitter_card":"summary_large_image","twitter_misc":{"Geschatte leestijd":"3 minuten"},"schema":{"@context":"https:\/\/schema.org","@graph":[{"@type":"WebPage","@id":"https:\/\/www.hetpannekoekenhuisje.nl\/noordwijk\/de\/anlasse\/","url":"https:\/\/www.hetpannekoekenhuisje.nl\/noordwijk\/de\/anlasse\/","name":"Anl\u04d3sse - Het Pannekoekenhuisje Noordwijk","isPartOf":{"@id":"https:\/\/www.hetpannekoekenhuisje.nl\/noordwijk\/#website"},"datePublished":"2020-02-17T12:34:30+00:00","dateModified":"2020-02-17T13:33:58+00:00","breadcrumb":{"@id":"https:\/\/www.hetpannekoekenhuisje.nl\/noordwijk\/de\/anlasse\/#breadcrumb"},"inLanguage":"nl-NL","potentialAction":[{"@type":"ReadAction","target":["https:\/\/www.hetpannekoekenhuisje.nl\/noordwijk\/de\/anlasse\/"]}]},{"@type":"BreadcrumbList","@id":"https:\/\/www.hetpannekoekenhuisje.nl\/noordwijk\/de\/anlasse\/#breadcrumb","itemListElement":[{"@type":"ListItem","position":1,"name":"Home","item":"https:\/\/www.hetpannekoekenhuisje.nl\/noordwijk\/"},{"@type":"ListItem","position":2,"name":"Anl\u04d3sse"}]},{"@type":"WebSite","@id":"https:\/\/www.hetpannekoekenhuisje.nl\/noordwijk\/#website","url":"https:\/\/www.hetpannekoekenhuisje.nl\/noordwijk\/","name":"Het Pannekoekenhuisje Noordwijk","description":"Noordwijk","potentialAction":[{"@type":"SearchAction","target":{"@type":"EntryPoint","urlTemplate":"https:\/\/www.hetpannekoekenhuisje.nl\/noordwijk\/?s={search_term_string}"},"query-input":"required name=search_term_string"}],"inLanguage":"nl-NL"}]}},"_links":{"self":[{"href":"https:\/\/www.hetpannekoekenhuisje.nl\/noordwijk\/wp-json\/wp\/v2\/pages\/865"}],"collection":[{"href":"https:\/\/www.hetpannekoekenhuisje.nl\/noordwijk\/wp-json\/wp\/v2\/pages"}],"about":[{"href":"https:\/\/www.hetpannekoekenhuisje.nl\/noordwijk\/wp-json\/wp\/v2\/types\/page"}],"author":[{"embeddable":true,"href":"https:\/\/www.hetpannekoekenhuisje.nl\/noordwijk\/wp-json\/wp\/v2\/users\/3"}],"replies":[{"embeddable":true,"href":"https:\/\/www.hetpannekoekenhuisje.nl\/noordwijk\/wp-json\/wp\/v2\/comments?post=865"}],"version-history":[{"count":6,"href":"https:\/\/www.hetpannekoekenhuisje.nl\/noordwijk\/wp-json\/wp\/v2\/pages\/865\/revisions"}],"predecessor-version":[{"id":893,"href":"https:\/\/www.hetpannekoekenhuisje.nl\/noordwijk\/wp-json\/wp\/v2\/pages\/865\/revisions\/893"}],"wp:attachment":[{"href":"https:\/\/www.hetpannekoekenhuisje.nl\/noordwijk\/wp-json\/wp\/v2\/media?parent=865"}],"curies":[{"name":"wp","href":"https:\/\/api.w.org\/{rel}","templated":true}]}}